{"id":9,"date":"2025-04-03T10:28:46","date_gmt":"2025-04-03T08:28:46","guid":{"rendered":"https:\/\/jardincambium.fr\/?page_id=9"},"modified":"2025-04-03T14:41:06","modified_gmt":"2025-04-03T12:41:06","slug":"site-en-germination","status":"publish","type":"page","link":"https:\/\/jardincambium.fr\/","title":{"rendered":"&#8230; SITE EN GERMINATION&#8230;"},"content":{"rendered":"\n<p><strong>Eco-paysagiste, dessinateur et biologiste<\/strong>, j&rsquo;\u0153uvre au plus pr\u00e8s de la nature et du v\u00e9g\u00e9tal pour rendre les jardins urbains beaux et utiles \u00e0 la fois, tout en prenant soin d\u2019am\u00e9liorer leur r\u00e9silience.<\/p>\n\n\n\n<p>Qu&rsquo;il s&rsquo;agisse d&rsquo;une page blanche ou d&rsquo;un jardin vieillissant, je propose de vous accompagner dans votre projet d&rsquo;am\u00e9nagement \u00e0 travers diff\u00e9rentes formules : de la simple s\u00e9ance de <strong>coaching &lsquo;jardin&rsquo; <\/strong>personnalis\u00e9e aux formules d&rsquo;<strong>aide \u00e0 la conception<\/strong> plus compl\u00e8tes, je m&rsquo;adapte \u00e0 vos besoins pour vous offrir des solutions p\u00e9rennes.<\/p>\n\n\n\n<p>Je suis \u00e0 votre \u00e9coute&nbsp;pour :<\/p>\n\n\n\n<ul class=\"wp-block-list\">\n<li>Dessiner vos esquisses et plans d\u2019am\u00e9nagements selon le cahier des charges pr\u00e9d\u00e9fini,<\/li>\n\n\n\n<li>Vous proposer une palette v\u00e9g\u00e9tale vari\u00e9e, adapt\u00e9e \u00e0 votre environnement et favorable \u00e0 la biodiversit\u00e9,<\/li>\n\n\n\n<li>Apporter conseils et solutions li\u00e9es \u00e0 la gestion sobre des jardins et aux probl\u00e9matiques d\u2019am\u00e9nagement les plus complexes.<\/li>\n<\/ul>\n\n\n\n<p>Contactez-moi au <strong>06 02 12 61 20 <\/strong>ou sur <strong><a href=\"mailto:contact@jardincambium.fr\">contact@jardincambium.fr<\/a><\/strong><\/p>\n\n\n\n<p class=\"has-primary-color has-text-color has-link-color wp-elements-f53d0f2000e7e509d3e7c91eff2b425b\"><\/p>\n\n\n\n<p><\/p>\n\n\n\n<p><\/p>\n","protected":false},"excerpt":{"rendered":"<p>Eco-paysagiste, dessinateur et biologiste, j&rsquo;\u0153uvre au plus pr\u00e8s de la nature et du v\u00e9g\u00e9tal pour rendre les jardins urbains beaux et utiles \u00e0 la fois, tout en prenant soin d\u2019am\u00e9liorer leur r\u00e9silience. Qu&rsquo;il s&rsquo;agisse d&rsquo;une page blanche ou d&rsquo;un jardin vieillissant, je propose de vous accompagner dans votre projet d&rsquo;am\u00e9nagement \u00e0 travers diff\u00e9rentes formules : [&hellip;]<\/p>\n","protected":false},"author":1,"featured_media":0,"parent":0,"menu_order":0,"comment_status":"closed","ping_status":"closed","template":"","meta":{"footnotes":""},"class_list":["post-9","page","type-page","status-publish","hentry"],"_links":{"self":[{"href":"https:\/\/jardincambium.fr\/index.php\/wp-json\/wp\/v2\/pages\/9","targetHints":{"allow":["GET"]}}],"collection":[{"href":"https:\/\/jardincambium.fr\/index.php\/wp-json\/wp\/v2\/pages"}],"about":[{"href":"https:\/\/jardincambium.fr\/index.php\/wp-json\/wp\/v2\/types\/page"}],"author":[{"embeddable":true,"href":"https:\/\/jardincambium.fr\/index.php\/wp-json\/wp\/v2\/users\/1"}],"replies":[{"embeddable":true,"href":"https:\/\/jardincambium.fr\/index.php\/wp-json\/wp\/v2\/comments?post=9"}],"version-history":[{"count":14,"href":"https:\/\/jardincambium.fr\/index.php\/wp-json\/wp\/v2\/pages\/9\/revisions"}],"predecessor-version":[{"id":33,"href":"https:\/\/jardincambium.fr\/index.php\/wp-json\/wp\/v2\/pages\/9\/revisions\/33"}],"wp:attachment":[{"href":"https:\/\/jardincambium.fr\/index.php\/wp-json\/wp\/v2\/media?parent=9"}],"curies":[{"name":"wp","href":"https:\/\/api.w.org\/{rel}","templated":true}]}}